{"id":77,"date":"2022-04-14T07:31:58","date_gmt":"2022-04-14T04:31:58","guid":{"rendered":"https:\/\/tursium.com\/?page_id=77"},"modified":"2026-04-06T12:46:24","modified_gmt":"2026-04-06T09:46:24","slug":"kurumsal","status":"publish","type":"page","link":"https:\/\/tursium.com\/tr\/kurumsal\/","title":{"rendered":"Kurumsal"},"content":{"rendered":"\t\t<div data-elementor-type=\"wp-page\" data-elementor-id=\"77\" class=\"elementor elementor-77\" data-elementor-settings=\"[]\">\n\t\t\t\t\t\t\t<div class=\"elementor-section-wrap\">\n\t\t\t\t\t\t\t<section class=\"elementor-section elementor-top-section elementor-element elementor-element-5bd6aa4 elementor-section-boxed elementor-section-height-default elementor-section-height-default\" data-id=\"5bd6aa4\" data-element_type=\"section\" id=\"fueplus\">\n\t\t\t\t\t\t<div class=\"elementor-container elementor-column-gap-default\">\n\t\t\t\t\t<div class=\"elementor-column elementor-col-100 elementor-top-column elementor-element elementor-element-59fcdb02\" data-id=\"59fcdb02\" data-element_type=\"column\">\n\t\t\t<div class=\"elementor-widget-wrap elementor-element-populated\">\n\t\t\t\t\t\t\t\t<div class=\"elementor-element elementor-element-20c52ed0 elementor-widget elementor-widget-spacer\" data-id=\"20c52ed0\" data-element_type=\"widget\" data-widget_type=\"spacer.default\">\n\t\t\t\t<div class=\"elementor-widget-container\">\n\t\t\t<style>\/*! elementor - v3.12.2 - 23-04-2023 *\/\n.elementor-column .elementor-spacer-inner{height:var(--spacer-size)}.e-con{--container-widget-width:100%}.e-con-inner>.elementor-widget-spacer,.e-con>.elementor-widget-spacer{width:var(--container-widget-width,var(--spacer-size));--align-self:var(--container-widget-align-self,initial);--flex-shrink:0}.e-con-inner>.elementor-widget-spacer>.elementor-widget-container,.e-con-inner>.elementor-widget-spacer>.elementor-widget-container>.elementor-spacer,.e-con>.elementor-widget-spacer>.elementor-widget-container,.e-con>.elementor-widget-spacer>.elementor-widget-container>.elementor-spacer{height:100%}.e-con-inner>.elementor-widget-spacer>.elementor-widget-container>.elementor-spacer>.elementor-spacer-inner,.e-con>.elementor-widget-spacer>.elementor-widget-container>.elementor-spacer>.elementor-spacer-inner{height:var(--container-widget-height,var(--spacer-size))}<\/style>\t\t<div class=\"elementor-spacer\">\n\t\t\t<div class=\"elementor-spacer-inner\"><\/div>\n\t\t<\/div>\n\t\t\t\t<\/div>\n\t\t\t\t<\/div>\n\t\t\t\t<div class=\"elementor-element elementor-element-4ff0d89c elementor-widget elementor-widget-bdt-advanced-heading\" data-id=\"4ff0d89c\" data-element_type=\"widget\" data-widget_type=\"bdt-advanced-heading.default\">\n\t\t\t\t<div class=\"elementor-widget-container\">\n\t\t\t<div id =\"4ff0d89c\" class=\"bdt-advanced-heading\" data-settings=\"{&quot;titleMultiColor&quot;:&quot;no&quot;}\"><h2 class=\"bdt-heading-title\"><span class=\"bdt-main-heading\"><span class=\"bdt-main-heading-inner\">TURSI\u0307UM SA\u011eLIK SEYAHAT ACENTESI\u0307\n<\/span><\/span><\/h2><\/div>\t\t<\/div>\n\t\t\t\t<\/div>\n\t\t\t\t<div class=\"elementor-element elementor-element-7c8db36b elementor-widget elementor-widget-text-editor\" data-id=\"7c8db36b\" data-element_type=\"widget\" data-widget_type=\"text-editor.default\">\n\t\t\t\t<div class=\"elementor-widget-container\">\n\t\t\t<style>\/*! elementor - v3.5.4 - 23-01-2022 *\/\n.elementor-widget-text-editor.elementor-drop-cap-view-stacked .elementor-drop-cap{background-color:#818a91;color:#fff}.elementor-widget-text-editor.elementor-drop-cap-view-framed .elementor-drop-cap{color:#818a91;border:3px solid;background-color:transparent}.elementor-widget-text-editor:not(.elementor-drop-cap-view-default) .elementor-drop-cap{margin-top:8px}.elementor-widget-text-editor:not(.elementor-drop-cap-view-default) .elementor-drop-cap-letter{width:1em;height:1em}.elementor-widget-text-editor .elementor-drop-cap{float:left;text-align:center;line-height:1;font-size:50px}.elementor-widget-text-editor .elementor-drop-cap-letter{display:inline-block}<\/style>\t\t\t\t<p><span style=\"font-weight: 400;\">Geli\u015fen ve de\u011fi\u015fen d\u00fcnyada geli\u015fmenin ve yenilenmenin en temel ihtiya\u00e7lar\u0131ndan biri hi\u00e7 \u015f\u00fcphesiz sa\u011fl\u0131kl\u0131 olmak ve iyi hissetmektir. Var olan bir rahats\u0131zl\u0131\u011f\u0131 iyile\u015ftirmek, size verdi\u011fi fiziksel ve ruhsal ac\u0131lar\u0131 dindirmek ya da bazen d\u0131\u015f g\u00f6r\u00fcn\u00fc\u015f\u00fcm\u00fcz\u00fc iyile\u015ftirmek hayatta her zaman \u00f6nceli\u011fimizdir. Bu nedenle kendimizi emanet edece\u011fimiz, bilgi ve tecr\u00fcbesine g\u00fcvenebilece\u011fimiz bir hekim; kendimizi rahat hissedece\u011fimiz bir sa\u011fl\u0131k kurumu aray\u0131\u015f\u0131 insanl\u0131k tarihinin \u00e7ok eski zamanlar\u0131ndan beri var olmu\u015f ve var olmaya da devam edecektir.<\/span><\/p>\t\t\t\t\t\t<\/div>\n\t\t\t\t<\/div>\n\t\t\t\t\t<\/div>\n\t\t<\/div>\n\t\t\t\t\t\t\t<\/div>\n\t\t<\/section>\n\t\t\t\t<section class=\"elementor-section elementor-top-section elementor-element elementor-element-348dfbd0 elementor-section-boxed elementor-section-height-default elementor-section-height-default\" data-id=\"348dfbd0\" data-element_type=\"section\" data-settings=\"{&quot;background_background&quot;:&quot;classic&quot;}\">\n\t\t\t\t\t\t<div class=\"elementor-container elementor-column-gap-default\">\n\t\t\t\t\t<div class=\"elementor-column elementor-col-50 elementor-top-column elementor-element elementor-element-290e22a9\" data-id=\"290e22a9\" data-element_type=\"column\">\n\t\t\t<div class=\"elementor-widget-wrap elementor-element-populated\">\n\t\t\t\t\t\t\t\t<div class=\"elementor-element elementor-element-57ac808c elementor-widget elementor-widget-image\" data-id=\"57ac808c\" data-element_type=\"widget\" data-widget_type=\"image.default\">\n\t\t\t\t<div class=\"elementor-widget-container\">\n\t\t\t<style>\/*! elementor - v3.5.4 - 23-01-2022 *\/\n.elementor-widget-image{text-align:center}.elementor-widget-image a{display:inline-block}.elementor-widget-image a img[src$=\".svg\"]{width:48px}.elementor-widget-image img{vertical-align:middle;display:inline-block}<\/style>\t\t\t\t\t\t\t\t\t\t\t\t<img loading=\"lazy\" decoding=\"async\" width=\"654\" height=\"538\" src=\"https:\/\/tursium.com\/tr\/wp-content\/uploads\/2022\/04\/filling-2.jpg\" class=\"attachment-large size-large\" alt=\"\" srcset=\"https:\/\/tursium.com\/tr\/wp-content\/uploads\/2022\/04\/filling-2.jpg 654w, https:\/\/tursium.com\/tr\/wp-content\/uploads\/2022\/04\/filling-2-300x247.jpg 300w\" sizes=\"auto, (max-width: 654px) 100vw, 654px\" \/>\t\t\t\t\t\t\t\t\t\t\t\t\t\t\t<\/div>\n\t\t\t\t<\/div>\n\t\t\t\t\t<\/div>\n\t\t<\/div>\n\t\t\t\t<div class=\"elementor-column elementor-col-50 elementor-top-column elementor-element elementor-element-2b31352d\" data-id=\"2b31352d\" data-element_type=\"column\" data-settings=\"{&quot;background_background&quot;:&quot;classic&quot;}\">\n\t\t\t<div class=\"elementor-widget-wrap elementor-element-populated\">\n\t\t\t\t\t\t\t\t<div class=\"elementor-element elementor-element-155d35e elementor-widget elementor-widget-text-editor\" data-id=\"155d35e\" data-element_type=\"widget\" data-widget_type=\"text-editor.default\">\n\t\t\t\t<div class=\"elementor-widget-container\">\n\t\t\t\t\t\t\t<p>Bu en temel ve do\u011fal ihtiyac\u0131n kar\u015f\u0131lanmas\u0131 i\u00e7in \u00fclke hatta k\u0131ta de\u011fi\u015ftirmek k\u00fcreselle\u015fen d\u00fcnyada art\u0131k m\u00fcmk\u00fcn ve \u00e7ok kolay. Co\u011frafi konumu ve do\u011fal g\u00fczellikleriyle bir \u015fifa kayna\u011f\u0131 olan T\u00fcrkiye, \u00f6zellikle son 20 y\u0131lda teknolojik altyap\u0131s\u0131 ve konforuyla \u00f6ne \u00e7\u0131kan kamu ve \u00f6zel sa\u011fl\u0131k kurulu\u015flar\u0131yla, alan\u0131nda uzman, donan\u0131ml\u0131 ve deneyimli hekim kadrosuyla, konforlu konaklama ve hava ula\u015f\u0131m\u0131 imkanlar\u0131yla tedavi olabilece\u011finiz, daha iyi g\u00f6r\u00fcnebilece\u011finiz ya da hayat\u0131n\u0131z\u0131n d\u00f6n\u00fcm noktas\u0131 olan hastal\u0131\u011f\u0131n\u0131za veda edebilece\u011finiz en do\u011fru adres haline geldi.<\/p>\t\t\t\t\t\t<\/div>\n\t\t\t\t<\/div>\n\t\t\t\t\t<\/div>\n\t\t<\/div>\n\t\t\t\t\t\t\t<\/div>\n\t\t<\/section>\n\t\t\t\t<section class=\"elementor-section elementor-top-section elementor-element elementor-element-a482ff2 elementor-section-boxed elementor-section-height-default elementor-section-height-default\" data-id=\"a482ff2\" data-element_type=\"section\">\n\t\t\t\t\t\t<div class=\"elementor-container elementor-column-gap-default\">\n\t\t\t\t\t<div class=\"elementor-column elementor-col-100 elementor-top-column elementor-element elementor-element-3b4a509\" data-id=\"3b4a509\" data-element_type=\"column\">\n\t\t\t<div class=\"elementor-widget-wrap elementor-element-populated\">\n\t\t\t\t\t\t\t\t<div class=\"elementor-element elementor-element-540d339 elementor-widget elementor-widget-spacer\" data-id=\"540d339\" data-element_type=\"widget\" data-widget_type=\"spacer.default\">\n\t\t\t\t<div class=\"elementor-widget-container\">\n\t\t\t\t\t<div class=\"elementor-spacer\">\n\t\t\t<div class=\"elementor-spacer-inner\"><\/div>\n\t\t<\/div>\n\t\t\t\t<\/div>\n\t\t\t\t<\/div>\n\t\t\t\t\t<\/div>\n\t\t<\/div>\n\t\t\t\t\t\t\t<\/div>\n\t\t<\/section>\n\t\t\t\t\t\t<\/div>\n\t\t\t\t\t<\/div>\n\t\t","protected":false},"excerpt":{"rendered":"<p>TURSI\u0307UM SA\u011eLIK SEYAHAT ACENTESI\u0307 Geli\u015fen ve de\u011fi\u015fen d\u00fcnyada geli\u015fmenin ve yenilenmenin en temel ihtiya\u00e7lar\u0131ndan biri hi\u00e7 \u015f\u00fcphesiz sa\u011fl\u0131kl\u0131 olmak ve iyi hissetmektir. Var olan bir rahats\u0131zl\u0131\u011f\u0131 iyile\u015ftirmek, size verdi\u011fi fiziksel ve ruhsal ac\u0131lar\u0131 dindirmek ya da bazen d\u0131\u015f g\u00f6r\u00fcn\u00fc\u015f\u00fcm\u00fcz\u00fc iyile\u015ftirmek hayatta her zaman \u00f6nceli\u011fimizdir. Bu nedenle kendimizi emanet edece\u011fimiz, bilgi ve tecr\u00fcbesine g\u00fcvenebilece\u011fimiz bir hekim; [&hellip;]<\/p>\n","protected":false},"author":2,"featured_media":0,"parent":0,"menu_order":0,"comment_status":"closed","ping_status":"closed","template":"","meta":{"inline_featured_image":false,"footnotes":""},"class_list":["post-77","page","type-page","status-publish","hentry"],"_links":{"self":[{"href":"https:\/\/tursium.com\/tr\/wp-json\/wp\/v2\/pages\/77","targetHints":{"allow":["GET"]}}],"collection":[{"href":"https:\/\/tursium.com\/tr\/wp-json\/wp\/v2\/pages"}],"about":[{"href":"https:\/\/tursium.com\/tr\/wp-json\/wp\/v2\/types\/page"}],"author":[{"embeddable":true,"href":"https:\/\/tursium.com\/tr\/wp-json\/wp\/v2\/users\/2"}],"replies":[{"embeddable":true,"href":"https:\/\/tursium.com\/tr\/wp-json\/wp\/v2\/comments?post=77"}],"version-history":[{"count":14,"href":"https:\/\/tursium.com\/tr\/wp-json\/wp\/v2\/pages\/77\/revisions"}],"predecessor-version":[{"id":5898,"href":"https:\/\/tursium.com\/tr\/wp-json\/wp\/v2\/pages\/77\/revisions\/5898"}],"wp:attachment":[{"href":"https:\/\/tursium.com\/tr\/wp-json\/wp\/v2\/media?parent=77"}],"curies":[{"name":"wp","href":"https:\/\/api.w.org\/{rel}","templated":true}]}}